{"id":755,"date":"2023-11-06T17:01:49","date_gmt":"2023-11-06T20:01:49","guid":{"rendered":"https:\/\/sarc.ufsm.br\/?page_id=755"},"modified":"2025-11-03T17:15:17","modified_gmt":"2025-11-03T20:15:17","slug":"palestras","status":"publish","type":"page","link":"https:\/\/sarc.ufsm.br\/2025\/palestras\/","title":{"rendered":"Palestras"},"content":{"rendered":"\t\t<div data-elementor-type=\"wp-page\" data-elementor-id=\"755\" class=\"elementor elementor-755\">\n\t\t\t\t<div class=\"elementor-element elementor-element-888e552 e-flex e-con-boxed e-con e-parent\" data-id=\"888e552\" data-element_type=\"container\">\n\t\t\t\t\t<div class=\"e-con-inner\">\n\t\t\t\t<div class=\"elementor-element elementor-element-99e8ce3 elementor-widget elementor-widget-text-editor\" data-id=\"99e8ce3\" data-element_type=\"widget\" data-widget_type=\"text-editor.default\">\n\t\t\t\t<div class=\"elementor-widget-container\">\n\t\t\t\t\t\t\t\t\t<p>Abaixo est\u00e1 o cronograma de palestras oferecidas durante a Semana Acad\u00eamica. As palestras ser\u00e3o realizadas no audit\u00f3rio do pr\u00e9dio 5 do CTISM.<\/p>\t\t\t\t\t\t\t\t<\/div>\n\t\t\t\t<\/div>\n\t\t\t\t\t<\/div>\n\t\t\t\t<\/div>\n\t\t<div class=\"elementor-element elementor-element-3289cfc e-flex e-con-boxed e-con e-parent\" data-id=\"3289cfc\" data-element_type=\"container\">\n\t\t\t\t\t<div class=\"e-con-inner\">\n\t\t\t\t<div class=\"elementor-element elementor-element-71954bd elementor-widget-divider--view-line elementor-widget elementor-widget-divider\" data-id=\"71954bd\" data-element_type=\"widget\" data-widget_type=\"divider.default\">\n\t\t\t\t<div class=\"elementor-widget-container\">\n\t\t\t\t\t\t\t<div class=\"elementor-divider\">\n\t\t\t<span class=\"elementor-divider-separator\">\n\t\t\t\t\t\t<\/span>\n\t\t<\/div>\n\t\t\t\t\t\t<\/div>\n\t\t\t\t<\/div>\n\t\t\t\t\t<\/div>\n\t\t\t\t<\/div>\n\t\t<div class=\"elementor-element elementor-element-64ff4a4 e-flex e-con-boxed e-con e-parent\" data-id=\"64ff4a4\" data-element_type=\"container\">\n\t\t\t\t\t<div class=\"e-con-inner\">\n\t\t\t\t<div class=\"elementor-element elementor-element-4f9a205 elementor-widget elementor-widget-heading\" data-id=\"4f9a205\" data-element_type=\"widget\" data-widget_type=\"heading.default\">\n\t\t\t\t<div class=\"elementor-widget-container\">\n\t\t\t\t\t<h2 class=\"elementor-heading-title elementor-size-default\">Segunda-feira - 03\/11<\/h2>\t\t\t\t<\/div>\n\t\t\t\t<\/div>\n\t\t\t\t\t<\/div>\n\t\t\t\t<\/div>\n\t\t<div class=\"elementor-element elementor-element-4f8e688 e-flex e-con-boxed e-con e-parent\" data-id=\"4f8e688\" data-element_type=\"container\">\n\t\t\t\t\t<div class=\"e-con-inner\">\n\t\t\t\t<div class=\"elementor-element elementor-element-a0418bc elementor-widget elementor-widget-image\" data-id=\"a0418bc\" data-element_type=\"widget\" data-widget_type=\"image.default\">\n\t\t\t\t<div class=\"elementor-widget-container\">\n\t\t\t\t\t\t\t\t\t\t\t\t\t\t\t<img decoding=\"async\" width=\"150\" height=\"150\" src=\"https:\/\/sarc.ufsm.br\/2025\/wp-content\/uploads\/2025\/10\/cowmed-150x150.jpg\" class=\"attachment-thumbnail size-thumbnail wp-image-2083\" alt=\"\" srcset=\"https:\/\/sarc.ufsm.br\/2025\/wp-content\/uploads\/2025\/10\/cowmed-150x150.jpg 150w, https:\/\/sarc.ufsm.br\/2025\/wp-content\/uploads\/2025\/10\/cowmed-300x300.jpg 300w, https:\/\/sarc.ufsm.br\/2025\/wp-content\/uploads\/2025\/10\/cowmed-1024x1024.jpg 1024w, https:\/\/sarc.ufsm.br\/2025\/wp-content\/uploads\/2025\/10\/cowmed-768x768.jpg 768w, https:\/\/sarc.ufsm.br\/2025\/wp-content\/uploads\/2025\/10\/cowmed-1536x1536.jpg 1536w, https:\/\/sarc.ufsm.br\/2025\/wp-content\/uploads\/2025\/10\/cowmed.jpg 1600w\" sizes=\"(max-width: 150px) 100vw, 150px\" \/>\t\t\t\t\t\t\t\t\t\t\t\t\t\t\t<\/div>\n\t\t\t\t<\/div>\n\t\t<div class=\"elementor-element elementor-element-17a76bf e-con-full e-flex e-con e-child\" data-id=\"17a76bf\" data-element_type=\"container\">\n\t\t\t\t<div class=\"elementor-element elementor-element-ac5a0c3 elementor-widget elementor-widget-heading\" data-id=\"ac5a0c3\" data-element_type=\"widget\" data-widget_type=\"heading.default\">\n\t\t\t\t<div class=\"elementor-widget-container\">\n\t\t\t\t\t<h2 class=\"elementor-heading-title elementor-size-default\">Thiago Martins<\/h2>\t\t\t\t<\/div>\n\t\t\t\t<\/div>\n\t\t\t\t<div class=\"elementor-element elementor-element-7524b79 elementor-widget elementor-widget-heading\" data-id=\"7524b79\" data-element_type=\"widget\" data-widget_type=\"heading.default\">\n\t\t\t\t<div class=\"elementor-widget-container\">\n\t\t\t\t\t<h2 class=\"elementor-heading-title elementor-size-default\">Cowmed  - 9:00 - \"Transformando a pecu\u00e1ria leiteira atrav\u00e9s do IoT e da Intelig\u00eancia&nbsp;Artificial.\"<\/h2>\t\t\t\t<\/div>\n\t\t\t\t<\/div>\n\t\t\t\t<\/div>\n\t\t\t\t\t<\/div>\n\t\t\t\t<\/div>\n\t\t<div class=\"elementor-element elementor-element-dd1234a e-flex e-con-boxed e-con e-parent\" data-id=\"dd1234a\" data-element_type=\"container\">\n\t\t\t\t\t<div class=\"e-con-inner\">\n\t\t\t\t<div class=\"elementor-element elementor-element-faf6ced elementor-widget elementor-widget-image\" data-id=\"faf6ced\" data-element_type=\"widget\" data-widget_type=\"image.default\">\n\t\t\t\t<div class=\"elementor-widget-container\">\n\t\t\t\t\t\t\t\t\t\t\t\t\t\t\t<img decoding=\"async\" width=\"150\" height=\"150\" src=\"https:\/\/sarc.ufsm.br\/2025\/wp-content\/uploads\/2025\/10\/joao-marco-150x150.jpg\" class=\"attachment-thumbnail size-thumbnail wp-image-2106\" alt=\"\" srcset=\"https:\/\/sarc.ufsm.br\/2025\/wp-content\/uploads\/2025\/10\/joao-marco-150x150.jpg 150w, https:\/\/sarc.ufsm.br\/2025\/wp-content\/uploads\/2025\/10\/joao-marco-300x300.jpg 300w\" sizes=\"(max-width: 150px) 100vw, 150px\" \/>\t\t\t\t\t\t\t\t\t\t\t\t\t\t\t<\/div>\n\t\t\t\t<\/div>\n\t\t<div class=\"elementor-element elementor-element-abc89d1 e-con-full e-flex e-con e-child\" data-id=\"abc89d1\" data-element_type=\"container\">\n\t\t\t\t<div class=\"elementor-element elementor-element-ff15f95 elementor-widget elementor-widget-heading\" data-id=\"ff15f95\" data-element_type=\"widget\" data-widget_type=\"heading.default\">\n\t\t\t\t<div class=\"elementor-widget-container\">\n\t\t\t\t\t<h2 class=\"elementor-heading-title elementor-size-default\">Jo\u00e3o Marco Silva<\/h2>\t\t\t\t<\/div>\n\t\t\t\t<\/div>\n\t\t\t\t<div class=\"elementor-element elementor-element-24d182e elementor-widget elementor-widget-heading\" data-id=\"24d182e\" data-element_type=\"widget\" data-widget_type=\"heading.default\">\n\t\t\t\t<div class=\"elementor-widget-container\">\n\t\t\t\t\t<h2 class=\"elementor-heading-title elementor-size-default\">Universidade do Minho  - 10:30 - \" Uma vis\u00e3o global sobre a postura de seguran\u00e7a da informa\u00e7\u00e3o nos servi\u00e7os p\u00fablicos online.\"<\/h2>\t\t\t\t<\/div>\n\t\t\t\t<\/div>\n\t\t\t\t<\/div>\n\t\t\t\t\t<\/div>\n\t\t\t\t<\/div>\n\t\t<div class=\"elementor-element elementor-element-8ad0318 e-flex e-con-boxed e-con e-parent\" data-id=\"8ad0318\" data-element_type=\"container\">\n\t\t\t\t\t<div class=\"e-con-inner\">\n\t\t\t\t<div class=\"elementor-element elementor-element-6a8f136 elementor-widget elementor-widget-image\" data-id=\"6a8f136\" data-element_type=\"widget\" data-widget_type=\"image.default\">\n\t\t\t\t<div class=\"elementor-widget-container\">\n\t\t\t\t\t\t\t\t\t\t\t\t\t\t\t<img decoding=\"async\" width=\"150\" height=\"150\" src=\"https:\/\/sarc.ufsm.br\/2025\/wp-content\/uploads\/2025\/10\/ricardo-neves-carvalho-150x150.jpg\" class=\"attachment-thumbnail size-thumbnail wp-image-2105\" alt=\"\" srcset=\"https:\/\/sarc.ufsm.br\/2025\/wp-content\/uploads\/2025\/10\/ricardo-neves-carvalho-150x150.jpg 150w, https:\/\/sarc.ufsm.br\/2025\/wp-content\/uploads\/2025\/10\/ricardo-neves-carvalho-300x300.jpg 300w, https:\/\/sarc.ufsm.br\/2025\/wp-content\/uploads\/2025\/10\/ricardo-neves-carvalho-1024x1024.jpg 1024w, https:\/\/sarc.ufsm.br\/2025\/wp-content\/uploads\/2025\/10\/ricardo-neves-carvalho-768x768.jpg 768w, https:\/\/sarc.ufsm.br\/2025\/wp-content\/uploads\/2025\/10\/ricardo-neves-carvalho-1536x1536.jpg 1536w, https:\/\/sarc.ufsm.br\/2025\/wp-content\/uploads\/2025\/10\/ricardo-neves-carvalho.jpg 1600w\" sizes=\"(max-width: 150px) 100vw, 150px\" \/>\t\t\t\t\t\t\t\t\t\t\t\t\t\t\t<\/div>\n\t\t\t\t<\/div>\n\t\t<div class=\"elementor-element elementor-element-b6ab88a e-con-full e-flex e-con e-child\" data-id=\"b6ab88a\" data-element_type=\"container\">\n\t\t\t\t<div class=\"elementor-element elementor-element-54534f1 elementor-widget elementor-widget-heading\" data-id=\"54534f1\" data-element_type=\"widget\" data-widget_type=\"heading.default\">\n\t\t\t\t<div class=\"elementor-widget-container\">\n\t\t\t\t\t<h2 class=\"elementor-heading-title elementor-size-default\">Ricardo Neves Carvalho<\/h2>\t\t\t\t<\/div>\n\t\t\t\t<\/div>\n\t\t\t\t<div class=\"elementor-element elementor-element-bccf0ab elementor-widget elementor-widget-heading\" data-id=\"bccf0ab\" data-element_type=\"widget\" data-widget_type=\"heading.default\">\n\t\t\t\t<div class=\"elementor-widget-container\">\n\t\t\t\t\t<h2 class=\"elementor-heading-title elementor-size-default\">Irriga  - 14:00 - \"Hard Skills x Soft Skills: O equil\u00edbrio necess\u00e1rio para a carreira.\"<\/h2>\t\t\t\t<\/div>\n\t\t\t\t<\/div>\n\t\t\t\t<\/div>\n\t\t\t\t\t<\/div>\n\t\t\t\t<\/div>\n\t\t<div class=\"elementor-element elementor-element-bd8b123 e-flex e-con-boxed e-con e-parent\" data-id=\"bd8b123\" data-element_type=\"container\">\n\t\t\t\t\t<div class=\"e-con-inner\">\n\t\t\t\t<div class=\"elementor-element elementor-element-0b64d2e elementor-widget elementor-widget-image\" data-id=\"0b64d2e\" data-element_type=\"widget\" data-widget_type=\"image.default\">\n\t\t\t\t<div class=\"elementor-widget-container\">\n\t\t\t\t\t\t\t\t\t\t\t\t\t\t\t<img loading=\"lazy\" decoding=\"async\" width=\"150\" height=\"150\" src=\"https:\/\/sarc.ufsm.br\/2025\/wp-content\/uploads\/2025\/10\/pedro_lui-150x150.png\" class=\"attachment-thumbnail size-thumbnail wp-image-1879\" alt=\"\" srcset=\"https:\/\/sarc.ufsm.br\/2025\/wp-content\/uploads\/2025\/10\/pedro_lui-150x150.png 150w, https:\/\/sarc.ufsm.br\/2025\/wp-content\/uploads\/2025\/10\/pedro_lui-300x300.png 300w, https:\/\/sarc.ufsm.br\/2025\/wp-content\/uploads\/2025\/10\/pedro_lui-768x768.png 768w, https:\/\/sarc.ufsm.br\/2025\/wp-content\/uploads\/2025\/10\/pedro_lui.png 800w\" sizes=\"(max-width: 150px) 100vw, 150px\" \/>\t\t\t\t\t\t\t\t\t\t\t\t\t\t\t<\/div>\n\t\t\t\t<\/div>\n\t\t<div class=\"elementor-element elementor-element-2ab7bd3 e-con-full e-flex e-con e-child\" data-id=\"2ab7bd3\" data-element_type=\"container\">\n\t\t\t\t<div class=\"elementor-element elementor-element-e7a57d8 elementor-widget elementor-widget-heading\" data-id=\"e7a57d8\" data-element_type=\"widget\" data-widget_type=\"heading.default\">\n\t\t\t\t<div class=\"elementor-widget-container\">\n\t\t\t\t\t<h2 class=\"elementor-heading-title elementor-size-default\">Pedro Lui<\/h2>\t\t\t\t<\/div>\n\t\t\t\t<\/div>\n\t\t\t\t<div class=\"elementor-element elementor-element-9cfaaca elementor-widget elementor-widget-heading\" data-id=\"9cfaaca\" data-element_type=\"widget\" data-widget_type=\"heading.default\">\n\t\t\t\t<div class=\"elementor-widget-container\">\n\t\t\t\t\t<h2 class=\"elementor-heading-title elementor-size-default\">Redes - 15:30 - \"Detec\u00e7\u00e3o de ataques cibern\u00e9ticos no cen\u00e1rio da sa\u00fada atrav\u00e9z da intelig\u00eancia artidicial\"<\/h2>\t\t\t\t<\/div>\n\t\t\t\t<\/div>\n\t\t\t\t<\/div>\n\t\t\t\t\t<\/div>\n\t\t\t\t<\/div>\n\t\t<div class=\"elementor-element elementor-element-c445562 e-flex e-con-boxed e-con e-parent\" data-id=\"c445562\" data-element_type=\"container\">\n\t\t\t\t\t<div class=\"e-con-inner\">\n\t\t\t\t<div class=\"elementor-element elementor-element-44395e2 elementor-widget-divider--view-line elementor-widget elementor-widget-divider\" data-id=\"44395e2\" data-element_type=\"widget\" data-widget_type=\"divider.default\">\n\t\t\t\t<div class=\"elementor-widget-container\">\n\t\t\t\t\t\t\t<div class=\"elementor-divider\">\n\t\t\t<span class=\"elementor-divider-separator\">\n\t\t\t\t\t\t<\/span>\n\t\t<\/div>\n\t\t\t\t\t\t<\/div>\n\t\t\t\t<\/div>\n\t\t\t\t\t<\/div>\n\t\t\t\t<\/div>\n\t\t<div class=\"elementor-element elementor-element-82d25c2 e-flex e-con-boxed e-con e-parent\" data-id=\"82d25c2\" data-element_type=\"container\">\n\t\t\t\t\t<div class=\"e-con-inner\">\n\t\t\t\t<div class=\"elementor-element elementor-element-e568db8 elementor-widget elementor-widget-heading\" data-id=\"e568db8\" data-element_type=\"widget\" data-widget_type=\"heading.default\">\n\t\t\t\t<div class=\"elementor-widget-container\">\n\t\t\t\t\t<h2 class=\"elementor-heading-title elementor-size-default\">Ter\u00e7a-feira - 04\/11<\/h2>\t\t\t\t<\/div>\n\t\t\t\t<\/div>\n\t\t\t\t\t<\/div>\n\t\t\t\t<\/div>\n\t\t<div class=\"elementor-element elementor-element-8ae7025 e-flex e-con-boxed e-con e-parent\" data-id=\"8ae7025\" data-element_type=\"container\">\n\t\t\t\t\t<div class=\"e-con-inner\">\n\t\t\t\t<div class=\"elementor-element elementor-element-16f72a7 elementor-widget elementor-widget-image\" data-id=\"16f72a7\" data-element_type=\"widget\" data-widget_type=\"image.default\">\n\t\t\t\t<div class=\"elementor-widget-container\">\n\t\t\t\t\t\t\t\t\t\t\t\t\t\t\t<img loading=\"lazy\" decoding=\"async\" width=\"150\" height=\"150\" src=\"https:\/\/sarc.ufsm.br\/2025\/wp-content\/uploads\/2025\/10\/jose_luiz-150x150.jpeg\" class=\"attachment-thumbnail size-thumbnail wp-image-1876\" alt=\"\" srcset=\"https:\/\/sarc.ufsm.br\/2025\/wp-content\/uploads\/2025\/10\/jose_luiz-150x150.jpeg 150w, https:\/\/sarc.ufsm.br\/2025\/wp-content\/uploads\/2025\/10\/jose_luiz-300x300.jpeg 300w, https:\/\/sarc.ufsm.br\/2025\/wp-content\/uploads\/2025\/10\/jose_luiz-768x768.jpeg 768w, https:\/\/sarc.ufsm.br\/2025\/wp-content\/uploads\/2025\/10\/jose_luiz.jpeg 800w\" sizes=\"(max-width: 150px) 100vw, 150px\" \/>\t\t\t\t\t\t\t\t\t\t\t\t\t\t\t<\/div>\n\t\t\t\t<\/div>\n\t\t<div class=\"elementor-element elementor-element-baeb904 e-con-full e-flex e-con e-child\" data-id=\"baeb904\" data-element_type=\"container\">\n\t\t\t\t<div class=\"elementor-element elementor-element-3d13912 elementor-widget elementor-widget-heading\" data-id=\"3d13912\" data-element_type=\"widget\" data-widget_type=\"heading.default\">\n\t\t\t\t<div class=\"elementor-widget-container\">\n\t\t\t\t\t<h2 class=\"elementor-heading-title elementor-size-default\">Jos\u00e9 Luiz<\/h2>\t\t\t\t<\/div>\n\t\t\t\t<\/div>\n\t\t\t\t<div class=\"elementor-element elementor-element-e2bc5cc elementor-widget elementor-widget-heading\" data-id=\"e2bc5cc\" data-element_type=\"widget\" data-widget_type=\"heading.default\">\n\t\t\t\t<div class=\"elementor-widget-container\">\n\t\t\t\t\t<h2 class=\"elementor-heading-title elementor-size-default\">Forte - 9:00 - \u201cCybersecurity e um mundo das oportunidades\u201d<\/h2>\t\t\t\t<\/div>\n\t\t\t\t<\/div>\n\t\t\t\t<\/div>\n\t\t\t\t\t<\/div>\n\t\t\t\t<\/div>\n\t\t<div class=\"elementor-element elementor-element-0c0a141 e-flex e-con-boxed e-con e-parent\" data-id=\"0c0a141\" data-element_type=\"container\">\n\t\t\t\t\t<div class=\"e-con-inner\">\n\t\t\t\t<div class=\"elementor-element elementor-element-0271c69 elementor-widget elementor-widget-image\" data-id=\"0271c69\" data-element_type=\"widget\" data-widget_type=\"image.default\">\n\t\t\t\t<div class=\"elementor-widget-container\">\n\t\t\t\t\t\t\t\t\t\t\t\t\t\t\t<img loading=\"lazy\" decoding=\"async\" width=\"150\" height=\"150\" src=\"https:\/\/sarc.ufsm.br\/2025\/wp-content\/uploads\/2025\/11\/guilherme-dhgein-1-150x150.jpg\" class=\"attachment-thumbnail size-thumbnail wp-image-2146\" alt=\"\" srcset=\"https:\/\/sarc.ufsm.br\/2025\/wp-content\/uploads\/2025\/11\/guilherme-dhgein-1-150x150.jpg 150w, https:\/\/sarc.ufsm.br\/2025\/wp-content\/uploads\/2025\/11\/guilherme-dhgein-1-298x300.jpg 298w, https:\/\/sarc.ufsm.br\/2025\/wp-content\/uploads\/2025\/11\/guilherme-dhgein-1-300x300.jpg 300w, https:\/\/sarc.ufsm.br\/2025\/wp-content\/uploads\/2025\/11\/guilherme-dhgein-1.jpg 729w\" sizes=\"(max-width: 150px) 100vw, 150px\" \/>\t\t\t\t\t\t\t\t\t\t\t\t\t\t\t<\/div>\n\t\t\t\t<\/div>\n\t\t<div class=\"elementor-element elementor-element-050a781 e-con-full e-flex e-con e-child\" data-id=\"050a781\" data-element_type=\"container\">\n\t\t\t\t<div class=\"elementor-element elementor-element-9913e13 elementor-widget elementor-widget-heading\" data-id=\"9913e13\" data-element_type=\"widget\" data-widget_type=\"heading.default\">\n\t\t\t\t<div class=\"elementor-widget-container\">\n\t\t\t\t\t<h2 class=\"elementor-heading-title elementor-size-default\">Guilherme Dhein<\/h2>\t\t\t\t<\/div>\n\t\t\t\t<\/div>\n\t\t\t\t<div class=\"elementor-element elementor-element-cee9daa elementor-widget elementor-widget-heading\" data-id=\"cee9daa\" data-element_type=\"widget\" data-widget_type=\"heading.default\">\n\t\t\t\t<div class=\"elementor-widget-container\">\n\t\t\t\t\t<h2 class=\"elementor-heading-title elementor-size-default\">CT - 10:30 - \"Introdu\u00e7\u00e3o \u00e0 Otimiza\u00e7\u00e3o Combinat\u00f3ria Multiobjetivo\"<\/h2>\t\t\t\t<\/div>\n\t\t\t\t<\/div>\n\t\t\t\t<\/div>\n\t\t\t\t\t<\/div>\n\t\t\t\t<\/div>\n\t\t<div class=\"elementor-element elementor-element-54a9f25 e-flex e-con-boxed e-con e-parent\" data-id=\"54a9f25\" data-element_type=\"container\">\n\t\t\t\t\t<div class=\"e-con-inner\">\n\t\t\t\t<div class=\"elementor-element elementor-element-17ae322 elementor-widget-divider--view-line elementor-widget elementor-widget-divider\" data-id=\"17ae322\" data-element_type=\"widget\" data-widget_type=\"divider.default\">\n\t\t\t\t<div class=\"elementor-widget-container\">\n\t\t\t\t\t\t\t<div class=\"elementor-divider\">\n\t\t\t<span class=\"elementor-divider-separator\">\n\t\t\t\t\t\t<\/span>\n\t\t<\/div>\n\t\t\t\t\t\t<\/div>\n\t\t\t\t<\/div>\n\t\t\t\t\t<\/div>\n\t\t\t\t<\/div>\n\t\t<div class=\"elementor-element elementor-element-f275304 e-flex e-con-boxed e-con e-parent\" data-id=\"f275304\" data-element_type=\"container\">\n\t\t\t\t\t<div class=\"e-con-inner\">\n\t\t\t\t<div class=\"elementor-element elementor-element-a4f43dc elementor-widget elementor-widget-heading\" data-id=\"a4f43dc\" data-element_type=\"widget\" data-widget_type=\"heading.default\">\n\t\t\t\t<div class=\"elementor-widget-container\">\n\t\t\t\t\t<h2 class=\"elementor-heading-title elementor-size-default\">Quarta-feira - 05\/11<\/h2>\t\t\t\t<\/div>\n\t\t\t\t<\/div>\n\t\t\t\t\t<\/div>\n\t\t\t\t<\/div>\n\t\t<div class=\"elementor-element elementor-element-d6d9ae9 e-flex e-con-boxed e-con e-parent\" data-id=\"d6d9ae9\" data-element_type=\"container\">\n\t\t\t\t\t<div class=\"e-con-inner\">\n\t\t\t\t<div class=\"elementor-element elementor-element-2fa3201 elementor-widget elementor-widget-image\" data-id=\"2fa3201\" data-element_type=\"widget\" data-widget_type=\"image.default\">\n\t\t\t\t<div class=\"elementor-widget-container\">\n\t\t\t\t\t\t\t\t\t\t\t\t\t\t\t<img loading=\"lazy\" decoding=\"async\" width=\"150\" height=\"150\" src=\"https:\/\/sarc.ufsm.br\/2025\/wp-content\/uploads\/2025\/10\/augusto_gehrke-150x150.jpeg\" class=\"attachment-thumbnail size-thumbnail wp-image-1880\" alt=\"\" srcset=\"https:\/\/sarc.ufsm.br\/2025\/wp-content\/uploads\/2025\/10\/augusto_gehrke-150x150.jpeg 150w, https:\/\/sarc.ufsm.br\/2025\/wp-content\/uploads\/2025\/10\/augusto_gehrke-300x300.jpeg 300w, https:\/\/sarc.ufsm.br\/2025\/wp-content\/uploads\/2025\/10\/augusto_gehrke.jpeg 675w\" sizes=\"(max-width: 150px) 100vw, 150px\" \/>\t\t\t\t\t\t\t\t\t\t\t\t\t\t\t<\/div>\n\t\t\t\t<\/div>\n\t\t<div class=\"elementor-element elementor-element-0efeafe e-con-full e-flex e-con e-child\" data-id=\"0efeafe\" data-element_type=\"container\">\n\t\t\t\t<div class=\"elementor-element elementor-element-1cdd0a7 elementor-widget elementor-widget-heading\" data-id=\"1cdd0a7\" data-element_type=\"widget\" data-widget_type=\"heading.default\">\n\t\t\t\t<div class=\"elementor-widget-container\">\n\t\t\t\t\t<h2 class=\"elementor-heading-title elementor-size-default\">Augusto Gehrke<\/h2>\t\t\t\t<\/div>\n\t\t\t\t<\/div>\n\t\t\t\t<div class=\"elementor-element elementor-element-d691258 elementor-widget elementor-widget-heading\" data-id=\"d691258\" data-element_type=\"widget\" data-widget_type=\"heading.default\">\n\t\t\t\t<div class=\"elementor-widget-container\">\n\t\t\t\t\t<h2 class=\"elementor-heading-title elementor-size-default\">AMF - 9:00 - \"Da arquitetura monol\u00edtica at\u00e9 arquitetura em micro servi\u00e7os e orientada a eventos\"<\/h2>\t\t\t\t<\/div>\n\t\t\t\t<\/div>\n\t\t\t\t<\/div>\n\t\t\t\t\t<\/div>\n\t\t\t\t<\/div>\n\t\t<div class=\"elementor-element elementor-element-f93a9eb e-flex e-con-boxed e-con e-parent\" data-id=\"f93a9eb\" data-element_type=\"container\">\n\t\t\t\t\t<div class=\"e-con-inner\">\n\t\t\t\t<div class=\"elementor-element elementor-element-f0f8682 elementor-widget elementor-widget-image\" data-id=\"f0f8682\" data-element_type=\"widget\" data-widget_type=\"image.default\">\n\t\t\t\t<div class=\"elementor-widget-container\">\n\t\t\t\t\t\t\t\t\t\t\t\t\t\t\t<img loading=\"lazy\" decoding=\"async\" width=\"150\" height=\"150\" src=\"https:\/\/sarc.ufsm.br\/2025\/wp-content\/uploads\/2025\/10\/fiterlinge-150x150.jpg\" class=\"attachment-thumbnail size-thumbnail wp-image-1881\" alt=\"\" srcset=\"https:\/\/sarc.ufsm.br\/2025\/wp-content\/uploads\/2025\/10\/fiterlinge-150x150.jpg 150w, https:\/\/sarc.ufsm.br\/2025\/wp-content\/uploads\/2025\/10\/fiterlinge-300x300.jpg 300w\" sizes=\"(max-width: 150px) 100vw, 150px\" \/>\t\t\t\t\t\t\t\t\t\t\t\t\t\t\t<\/div>\n\t\t\t\t<\/div>\n\t\t<div class=\"elementor-element elementor-element-2f7d8e4 e-con-full e-flex e-con e-child\" data-id=\"2f7d8e4\" data-element_type=\"container\">\n\t\t\t\t<div class=\"elementor-element elementor-element-19c3cf8 elementor-widget elementor-widget-heading\" data-id=\"19c3cf8\" data-element_type=\"widget\" data-widget_type=\"heading.default\">\n\t\t\t\t<div class=\"elementor-widget-container\">\n\t\t\t\t\t<h2 class=\"elementor-heading-title elementor-size-default\">Fiterlinge Martins de Souza<\/h2>\t\t\t\t<\/div>\n\t\t\t\t<\/div>\n\t\t\t\t<div class=\"elementor-element elementor-element-86497f6 elementor-widget elementor-widget-heading\" data-id=\"86497f6\" data-element_type=\"widget\" data-widget_type=\"heading.default\">\n\t\t\t\t<div class=\"elementor-widget-container\">\n\t\t\t\t\t<h2 class=\"elementor-heading-title elementor-size-default\">RNP - 10:30<\/h2>\t\t\t\t<\/div>\n\t\t\t\t<\/div>\n\t\t\t\t<\/div>\n\t\t\t\t\t<\/div>\n\t\t\t\t<\/div>\n\t\t<div class=\"elementor-element elementor-element-7ab1e2c e-flex e-con-boxed e-con e-parent\" data-id=\"7ab1e2c\" data-element_type=\"container\">\n\t\t\t\t\t<div class=\"e-con-inner\">\n\t\t\t\t<div class=\"elementor-element elementor-element-ece1cae elementor-widget elementor-widget-image\" data-id=\"ece1cae\" data-element_type=\"widget\" data-widget_type=\"image.default\">\n\t\t\t\t<div class=\"elementor-widget-container\">\n\t\t\t\t\t\t\t\t\t\t\t\t\t\t\t<img loading=\"lazy\" decoding=\"async\" width=\"150\" height=\"150\" src=\"https:\/\/sarc.ufsm.br\/2025\/wp-content\/uploads\/2025\/10\/vinicius-rosa-150x150.jpg\" class=\"attachment-thumbnail size-thumbnail wp-image-2091\" alt=\"\" srcset=\"https:\/\/sarc.ufsm.br\/2025\/wp-content\/uploads\/2025\/10\/vinicius-rosa-150x150.jpg 150w, https:\/\/sarc.ufsm.br\/2025\/wp-content\/uploads\/2025\/10\/vinicius-rosa.jpg 200w\" sizes=\"(max-width: 150px) 100vw, 150px\" \/>\t\t\t\t\t\t\t\t\t\t\t\t\t\t\t<\/div>\n\t\t\t\t<\/div>\n\t\t<div class=\"elementor-element elementor-element-b5e2924 e-con-full e-flex e-con e-child\" data-id=\"b5e2924\" data-element_type=\"container\">\n\t\t\t\t<div class=\"elementor-element elementor-element-140ac69 elementor-widget elementor-widget-heading\" data-id=\"140ac69\" data-element_type=\"widget\" data-widget_type=\"heading.default\">\n\t\t\t\t<div class=\"elementor-widget-container\">\n\t\t\t\t\t<h2 class=\"elementor-heading-title elementor-size-default\">Vinicius Rosa<\/h2>\t\t\t\t<\/div>\n\t\t\t\t<\/div>\n\t\t\t\t<div class=\"elementor-element elementor-element-a5b1540 elementor-widget elementor-widget-heading\" data-id=\"a5b1540\" data-element_type=\"widget\" data-widget_type=\"heading.default\">\n\t\t\t\t<div class=\"elementor-widget-container\">\n\t\t\t\t\t<h2 class=\"elementor-heading-title elementor-size-default\">Grupo Voalle - 14:00 - \"A comunica\u00e7\u00e3o e o dom\u00ednio de conceitos como propulsores de&nbsp;sua&nbsp;carreira\"<\/h2>\t\t\t\t<\/div>\n\t\t\t\t<\/div>\n\t\t\t\t<\/div>\n\t\t\t\t\t<\/div>\n\t\t\t\t<\/div>\n\t\t\t\t<\/div>\n\t\t","protected":false},"excerpt":{"rendered":"<p>Abaixo est\u00e1 o cronograma de palestras oferecidas durante a Semana Acad\u00eamica. As palestras ser\u00e3o realizadas no audit\u00f3rio do pr\u00e9dio 5 do CTISM. Segunda-feira &#8211; 03\/11 Thiago Martins Cowmed &#8211; 9:00 &#8211; &#8220;Transformando a pecu\u00e1ria leiteira atrav\u00e9s do IoT e da Intelig\u00eancia&nbsp;Artificial.&#8221; Jo\u00e3o Marco Silva Universidade do Minho &#8211; 10:30 &#8211; &#8221; Uma vis\u00e3o global sobre a postura de seguran\u00e7a da [&hellip;]<\/p>\n","protected":false},"author":7,"featured_media":0,"parent":0,"menu_order":0,"comment_status":"closed","ping_status":"closed","template":"","meta":{"_eb_attr":"","footnotes":""},"class_list":["post-755","page","type-page","status-publish","hentry"],"_links":{"self":[{"href":"https:\/\/sarc.ufsm.br\/2025\/wp-json\/wp\/v2\/pages\/755","targetHints":{"allow":["GET"]}}],"collection":[{"href":"https:\/\/sarc.ufsm.br\/2025\/wp-json\/wp\/v2\/pages"}],"about":[{"href":"https:\/\/sarc.ufsm.br\/2025\/wp-json\/wp\/v2\/types\/page"}],"author":[{"embeddable":true,"href":"https:\/\/sarc.ufsm.br\/2025\/wp-json\/wp\/v2\/users\/7"}],"replies":[{"embeddable":true,"href":"https:\/\/sarc.ufsm.br\/2025\/wp-json\/wp\/v2\/comments?post=755"}],"version-history":[{"count":55,"href":"https:\/\/sarc.ufsm.br\/2025\/wp-json\/wp\/v2\/pages\/755\/revisions"}],"predecessor-version":[{"id":2149,"href":"https:\/\/sarc.ufsm.br\/2025\/wp-json\/wp\/v2\/pages\/755\/revisions\/2149"}],"wp:attachment":[{"href":"https:\/\/sarc.ufsm.br\/2025\/wp-json\/wp\/v2\/media?parent=755"}],"curies":[{"name":"wp","href":"https:\/\/api.w.org\/{rel}","templated":true}]}}