{"id":680,"date":"2023-11-06T11:59:51","date_gmt":"2023-11-06T14:59:51","guid":{"rendered":"https:\/\/sarc.ufsm.br\/?page_id=680"},"modified":"2025-10-30T17:40:18","modified_gmt":"2025-10-30T20:40:18","slug":"debate","status":"publish","type":"page","link":"https:\/\/sarc.ufsm.br\/2025\/debate\/","title":{"rendered":"Minicursos"},"content":{"rendered":"\t\t<div data-elementor-type=\"wp-page\" data-elementor-id=\"680\" class=\"elementor elementor-680\">\n\t\t\t\t<div class=\"elementor-element elementor-element-fb2286c e-flex e-con-boxed e-con e-parent\" data-id=\"fb2286c\" data-element_type=\"container\">\n\t\t\t\t\t<div class=\"e-con-inner\">\n\t\t\t\t<div class=\"elementor-element elementor-element-e685fe5 elementor-widget elementor-widget-text-editor\" data-id=\"e685fe5\" data-element_type=\"widget\" data-widget_type=\"text-editor.default\">\n\t\t\t\t<div class=\"elementor-widget-container\">\n\t\t\t\t\t\t\t\t\t<h3 style=\"text-align: center;\"><strong>Confira a programa\u00e7\u00e3o de minicursos do evento<\/strong><\/h3>\t\t\t\t\t\t\t\t<\/div>\n\t\t\t\t<\/div>\n\t\t\t\t\t<\/div>\n\t\t\t\t<\/div>\n\t\t<div class=\"elementor-element elementor-element-3d2884b e-flex e-con-boxed e-con e-parent\" data-id=\"3d2884b\" data-element_type=\"container\">\n\t\t\t\t\t<div class=\"e-con-inner\">\n\t\t\t\t<div class=\"elementor-element elementor-element-85a4f8d elementor-widget-divider--view-line elementor-widget elementor-widget-divider\" data-id=\"85a4f8d\" data-element_type=\"widget\" data-widget_type=\"divider.default\">\n\t\t\t\t<div class=\"elementor-widget-container\">\n\t\t\t\t\t\t\t<div class=\"elementor-divider\">\n\t\t\t<span class=\"elementor-divider-separator\">\n\t\t\t\t\t\t<\/span>\n\t\t<\/div>\n\t\t\t\t\t\t<\/div>\n\t\t\t\t<\/div>\n\t\t\t\t\t<\/div>\n\t\t\t\t<\/div>\n\t\t<div class=\"elementor-element elementor-element-f05eaba e-flex e-con-boxed e-con e-parent\" data-id=\"f05eaba\" data-element_type=\"container\">\n\t\t\t\t\t<div class=\"e-con-inner\">\n\t\t\t\t<div class=\"elementor-element elementor-element-0a8f6b5 elementor-widget elementor-widget-heading\" data-id=\"0a8f6b5\" data-element_type=\"widget\" data-widget_type=\"heading.default\">\n\t\t\t\t<div class=\"elementor-widget-container\">\n\t\t\t\t\t<h2 class=\"elementor-heading-title elementor-size-default\">Segunda-feira - 03\/11<\/h2>\t\t\t\t<\/div>\n\t\t\t\t<\/div>\n\t\t\t\t\t<\/div>\n\t\t\t\t<\/div>\n\t\t<div class=\"elementor-element elementor-element-888e552 e-flex e-con-boxed e-con e-parent\" data-id=\"888e552\" data-element_type=\"container\">\n\t\t\t\t\t<div class=\"e-con-inner\">\n\t\t\t\t<div class=\"elementor-element elementor-element-8628675 elementor-widget elementor-widget-text-editor\" data-id=\"8628675\" data-element_type=\"widget\" data-widget_type=\"text-editor.default\">\n\t\t\t\t<div class=\"elementor-widget-container\">\n\t\t\t\t\t\t\t\t\t<p><strong>&#8220;Hacking &amp; CTFs: Aprendizado Pr\u00e1tico em Ciberseguran\u00e7a&#8221;<\/strong><\/p><p>Como competi\u00e7\u00f5es e desafios impulsionam habilidades reais.<\/p><p><strong>Hor\u00e1rio: 14:00 at\u00e9 15:30<\/strong><br \/><strong>Local: CTISM<\/strong><\/p><p>\u00a0 \u00a0 \u00a0 \u00a0 \u00a0 \u00a0O minicurso <strong data-start=\"268\" data-end=\"327\">\u201cHacking &amp; CTFs: Aprendizado Pr\u00e1tico em Ciberseguran\u00e7a\u201d<\/strong> tem como objetivo preparar os participantes para o <strong data-start=\"379\" data-end=\"405\">Capture the Flag (CTF)<\/strong> do evento de Redes de Computadores, oferecendo uma <strong data-start=\"457\" data-end=\"572\">introdu\u00e7\u00e3o a alguns conceitos, t\u00e9cnicas e ferramentas utilizadas em desafios de seguran\u00e7a digital<\/strong>. Al\u00e9m de servir como prepara\u00e7\u00e3o para a competi\u00e7\u00e3o, o curso busca <strong data-start=\"638\" data-end=\"702\">desenvolver habilidades valorizadas pelo mercado de trabalho<\/strong>, como <strong data-start=\"709\" data-end=\"805\">resolu\u00e7\u00e3o de problemas, pensamento anal\u00edtico e dom\u00ednio de ferramentas ofensivas<\/strong>. Voltado tanto para <strong data-start=\"826\" data-end=\"840\">iniciantes<\/strong> quanto para quem deseja <strong data-start=\"865\" data-end=\"926\">aprimorar seus conhecimentos e ganhar experi\u00eancia pr\u00e1tica<\/strong>, o minicurso + CTF conecta teoria e aplica\u00e7\u00e3o real, <strong data-start=\"973\" data-end=\"1065\">proporcionando uma base para o crescimento profissional na \u00e1rea de ciberseguran\u00e7a<\/strong>.<\/p>\t\t\t\t\t\t\t\t<\/div>\n\t\t\t\t<\/div>\n\t\t\t\t<div class=\"elementor-element elementor-element-3bc1915 elementor-widget__width-initial elementor-absolute elementor-widget elementor-widget-image\" data-id=\"3bc1915\" data-element_type=\"widget\" data-settings=\"{&quot;_position&quot;:&quot;absolute&quot;}\" data-widget_type=\"image.default\">\n\t\t\t\t<div class=\"elementor-widget-container\">\n\t\t\t\t\t\t\t\t\t\t\t\t\t\t\t<img decoding=\"async\" width=\"150\" height=\"150\" src=\"https:\/\/sarc.ufsm.br\/2025\/wp-content\/uploads\/2025\/10\/1000125587-150x150.jpg\" class=\"attachment-thumbnail size-thumbnail wp-image-2046\" alt=\"\" srcset=\"https:\/\/sarc.ufsm.br\/2025\/wp-content\/uploads\/2025\/10\/1000125587-150x150.jpg 150w, https:\/\/sarc.ufsm.br\/2025\/wp-content\/uploads\/2025\/10\/1000125587-300x300.jpg 300w, https:\/\/sarc.ufsm.br\/2025\/wp-content\/uploads\/2025\/10\/1000125587-1024x1024.jpg 1024w, https:\/\/sarc.ufsm.br\/2025\/wp-content\/uploads\/2025\/10\/1000125587-768x768.jpg 768w, https:\/\/sarc.ufsm.br\/2025\/wp-content\/uploads\/2025\/10\/1000125587-1536x1536.jpg 1536w, https:\/\/sarc.ufsm.br\/2025\/wp-content\/uploads\/2025\/10\/1000125587-2048x2048.jpg 2048w\" sizes=\"(max-width: 150px) 100vw, 150px\" \/>\t\t\t\t\t\t\t\t\t\t\t\t\t\t\t<\/div>\n\t\t\t\t<\/div>\n\t\t\t\t\t<\/div>\n\t\t\t\t<\/div>\n\t\t<div class=\"elementor-element elementor-element-7b8a456 e-flex e-con-boxed e-con e-parent\" data-id=\"7b8a456\" data-element_type=\"container\">\n\t\t\t\t\t<div class=\"e-con-inner\">\n\t\t\t\t<div class=\"elementor-element elementor-element-6d6ce52 elementor-widget-divider--view-line elementor-widget elementor-widget-divider\" data-id=\"6d6ce52\" data-element_type=\"widget\" data-widget_type=\"divider.default\">\n\t\t\t\t<div class=\"elementor-widget-container\">\n\t\t\t\t\t\t\t<div class=\"elementor-divider\">\n\t\t\t<span class=\"elementor-divider-separator\">\n\t\t\t\t\t\t<\/span>\n\t\t<\/div>\n\t\t\t\t\t\t<\/div>\n\t\t\t\t<\/div>\n\t\t\t\t\t<\/div>\n\t\t\t\t<\/div>\n\t\t<div class=\"elementor-element elementor-element-214b8f9 e-flex e-con-boxed e-con e-parent\" data-id=\"214b8f9\" data-element_type=\"container\">\n\t\t\t\t\t<div class=\"e-con-inner\">\n\t\t\t\t<div class=\"elementor-element elementor-element-67f8b16 elementor-widget elementor-widget-heading\" data-id=\"67f8b16\" data-element_type=\"widget\" data-widget_type=\"heading.default\">\n\t\t\t\t<div class=\"elementor-widget-container\">\n\t\t\t\t\t<h2 class=\"elementor-heading-title elementor-size-default\">Quarta-feira - 05\/11<\/h2>\t\t\t\t<\/div>\n\t\t\t\t<\/div>\n\t\t\t\t\t<\/div>\n\t\t\t\t<\/div>\n\t\t<div class=\"elementor-element elementor-element-fb116ed e-flex e-con-boxed e-con e-parent\" data-id=\"fb116ed\" data-element_type=\"container\">\n\t\t\t\t\t<div class=\"e-con-inner\">\n\t\t\t\t<div class=\"elementor-element elementor-element-b5b35c6 elementor-widget elementor-widget-text-editor\" data-id=\"b5b35c6\" data-element_type=\"widget\" data-widget_type=\"text-editor.default\">\n\t\t\t\t<div class=\"elementor-widget-container\">\n\t\t\t\t\t\t\t\t\t<p><strong>&#8220;Hands-on&#8221;<\/strong><\/p><p>Escaller<\/p><p><strong>Hor\u00e1rio: 15:30 at\u00e9 16<\/strong><strong>:30<\/strong><\/p><p><strong>Local: CTISM<\/strong><\/p><p>\u00a0 \u00a0 \u00a0 \u00a0 \u00a0 \u00a0Descri\u00e7\u00e3o<\/p>\t\t\t\t\t\t\t\t<\/div>\n\t\t\t\t<\/div>\n\t\t\t\t<div class=\"elementor-element elementor-element-e05e4a8 elementor-widget__width-initial elementor-absolute elementor-widget elementor-widget-image\" data-id=\"e05e4a8\" data-element_type=\"widget\" data-settings=\"{&quot;_position&quot;:&quot;absolute&quot;}\" data-widget_type=\"image.default\">\n\t\t\t\t<div class=\"elementor-widget-container\">\n\t\t\t\t\t\t\t\t\t\t\t\t\t\t\t<img decoding=\"async\" width=\"150\" height=\"150\" src=\"https:\/\/sarc.ufsm.br\/2025\/wp-content\/uploads\/2025\/10\/marc-150x150.png\" class=\"attachment-thumbnail size-thumbnail wp-image-2119\" alt=\"\" srcset=\"https:\/\/sarc.ufsm.br\/2025\/wp-content\/uploads\/2025\/10\/marc-150x150.png 150w, https:\/\/sarc.ufsm.br\/2025\/wp-content\/uploads\/2025\/10\/marc-300x300.png 300w\" sizes=\"(max-width: 150px) 100vw, 150px\" \/>\t\t\t\t\t\t\t\t\t\t\t\t\t\t\t<\/div>\n\t\t\t\t<\/div>\n\t\t\t\t\t<\/div>\n\t\t\t\t<\/div>\n\t\t\t\t<\/div>\n\t\t","protected":false},"excerpt":{"rendered":"<p>Confira a programa\u00e7\u00e3o de minicursos do evento Segunda-feira &#8211; 03\/11 &#8220;Hacking &amp; CTFs: Aprendizado Pr\u00e1tico em Ciberseguran\u00e7a&#8221; Como competi\u00e7\u00f5es e desafios impulsionam habilidades reais. Hor\u00e1rio: 14:00 at\u00e9 15:30Local: CTISM \u00a0 \u00a0 \u00a0 \u00a0 \u00a0 \u00a0O minicurso \u201cHacking &amp; CTFs: Aprendizado Pr\u00e1tico em Ciberseguran\u00e7a\u201d tem como objetivo preparar os participantes para o Capture the Flag (CTF) do evento de Redes de [&hellip;]<\/p>\n","protected":false},"author":1,"featured_media":0,"parent":0,"menu_order":0,"comment_status":"closed","ping_status":"closed","template":"","meta":{"_eb_attr":"","footnotes":""},"class_list":["post-680","page","type-page","status-publish","hentry"],"_links":{"self":[{"href":"https:\/\/sarc.ufsm.br\/2025\/wp-json\/wp\/v2\/pages\/680","targetHints":{"allow":["GET"]}}],"collection":[{"href":"https:\/\/sarc.ufsm.br\/2025\/wp-json\/wp\/v2\/pages"}],"about":[{"href":"https:\/\/sarc.ufsm.br\/2025\/wp-json\/wp\/v2\/types\/page"}],"author":[{"embeddable":true,"href":"https:\/\/sarc.ufsm.br\/2025\/wp-json\/wp\/v2\/users\/1"}],"replies":[{"embeddable":true,"href":"https:\/\/sarc.ufsm.br\/2025\/wp-json\/wp\/v2\/comments?post=680"}],"version-history":[{"count":79,"href":"https:\/\/sarc.ufsm.br\/2025\/wp-json\/wp\/v2\/pages\/680\/revisions"}],"predecessor-version":[{"id":2122,"href":"https:\/\/sarc.ufsm.br\/2025\/wp-json\/wp\/v2\/pages\/680\/revisions\/2122"}],"wp:attachment":[{"href":"https:\/\/sarc.ufsm.br\/2025\/wp-json\/wp\/v2\/media?parent=680"}],"curies":[{"name":"wp","href":"https:\/\/api.w.org\/{rel}","templated":true}]}}