{"id":1663,"date":"2024-11-11T16:16:04","date_gmt":"2024-11-11T19:16:04","guid":{"rendered":"https:\/\/sarc.ufsm.br\/2024\/?page_id=1663"},"modified":"2025-10-23T21:01:17","modified_gmt":"2025-10-24T00:01:17","slug":"explorandofronteiras","status":"publish","type":"page","link":"https:\/\/sarc.ufsm.br\/2025\/explorandofronteiras\/","title":{"rendered":"Workshops"},"content":{"rendered":"\t\t<div data-elementor-type=\"wp-page\" data-elementor-id=\"1663\" class=\"elementor elementor-1663\">\n\t\t\t\t<div class=\"elementor-element elementor-element-888e552 e-flex e-con-boxed e-con e-parent\" data-id=\"888e552\" data-element_type=\"container\">\n\t\t\t\t\t<div class=\"e-con-inner\">\n\t\t\t\t<div class=\"elementor-element elementor-element-99e8ce3 elementor-widget elementor-widget-text-editor\" data-id=\"99e8ce3\" data-element_type=\"widget\" data-widget_type=\"text-editor.default\">\n\t\t\t\t<div class=\"elementor-widget-container\">\n\t\t\t\t\t\t\t\t\t<p><strong>Local: Audit\u00f3rio CTISM<\/strong><br \/><span style=\"text-align: var(--text-align);\"><br \/>Explorando Fronteiras apresenta os diversos projetos que os alunos do CST de Redes de Computadores t\u00eam a possibilidade de participar.\u00a0<\/span><\/p><p>Seguem os projetos, seus respectivos coordenadores e alunos que ir\u00e3o compartilhar na nossa semana acad\u00eamica a aplicabilidade dos projetos.<\/p>\t\t\t\t\t\t\t\t<\/div>\n\t\t\t\t<\/div>\n\t\t\t\t\t<\/div>\n\t\t\t\t<\/div>\n\t\t<div class=\"elementor-element elementor-element-e2d1ff2 e-flex e-con-boxed e-con e-parent\" data-id=\"e2d1ff2\" data-element_type=\"container\">\n\t\t\t\t\t<div class=\"e-con-inner\">\n\t\t\t\t\t<\/div>\n\t\t\t\t<\/div>\n\t\t\t\t<\/div>\n\t\t","protected":false},"excerpt":{"rendered":"<p>Local: Audit\u00f3rio CTISM Explorando Fronteiras apresenta os diversos projetos que os alunos do CST de Redes de Computadores t\u00eam a possibilidade de participar.\u00a0 Seguem os projetos, seus respectivos coordenadores e alunos que ir\u00e3o compartilhar na nossa semana acad\u00eamica a aplicabilidade dos projetos. Dia 1 Dia 2 16:00 &#8211; 17:30 Audit\u00f3rio pr\u00e9dio 5 CTISM Transforma\u00e7\u00e3o Participantes: Mariglei Maraschin e Andra Almeida [&hellip;]<\/p>\n","protected":false},"author":7,"featured_media":0,"parent":0,"menu_order":0,"comment_status":"closed","ping_status":"closed","template":"","meta":{"_eb_attr":"","footnotes":""},"class_list":["post-1663","page","type-page","status-publish","hentry"],"_links":{"self":[{"href":"https:\/\/sarc.ufsm.br\/2025\/wp-json\/wp\/v2\/pages\/1663","targetHints":{"allow":["GET"]}}],"collection":[{"href":"https:\/\/sarc.ufsm.br\/2025\/wp-json\/wp\/v2\/pages"}],"about":[{"href":"https:\/\/sarc.ufsm.br\/2025\/wp-json\/wp\/v2\/types\/page"}],"author":[{"embeddable":true,"href":"https:\/\/sarc.ufsm.br\/2025\/wp-json\/wp\/v2\/users\/7"}],"replies":[{"embeddable":true,"href":"https:\/\/sarc.ufsm.br\/2025\/wp-json\/wp\/v2\/comments?post=1663"}],"version-history":[{"count":12,"href":"https:\/\/sarc.ufsm.br\/2025\/wp-json\/wp\/v2\/pages\/1663\/revisions"}],"predecessor-version":[{"id":1963,"href":"https:\/\/sarc.ufsm.br\/2025\/wp-json\/wp\/v2\/pages\/1663\/revisions\/1963"}],"wp:attachment":[{"href":"https:\/\/sarc.ufsm.br\/2025\/wp-json\/wp\/v2\/media?parent=1663"}],"curies":[{"name":"wp","href":"https:\/\/api.w.org\/{rel}","templated":true}]}}