{"id":1455,"date":"2024-10-30T10:06:47","date_gmt":"2024-10-30T13:06:47","guid":{"rendered":"https:\/\/sarc.ufsm.br\/2024\/?page_id=1455"},"modified":"2025-10-25T20:15:05","modified_gmt":"2025-10-25T23:15:05","slug":"estagioxtcc","status":"publish","type":"page","link":"https:\/\/sarc.ufsm.br\/2025\/estagioxtcc\/","title":{"rendered":"CTF"},"content":{"rendered":"\t\t<div data-elementor-type=\"wp-page\" data-elementor-id=\"1455\" class=\"elementor elementor-1455\">\n\t\t\t\t<div class=\"elementor-element elementor-element-888e552 e-flex e-con-boxed e-con e-parent\" data-id=\"888e552\" data-element_type=\"container\">\n\t\t\t\t\t<div class=\"e-con-inner\">\n\t\t\t\t<div class=\"elementor-element elementor-element-5358d57 elementor-widget elementor-widget-text-editor\" data-id=\"5358d57\" data-element_type=\"widget\" data-widget_type=\"text-editor.default\">\n\t\t\t\t<div class=\"elementor-widget-container\">\n\t\t\t\t\t\t\t\t\t<h3 style=\"text-align: center;\"><strong>Participe do primeiro Capture The Flag da SARC!<\/strong><\/h3>\t\t\t\t\t\t\t\t<\/div>\n\t\t\t\t<\/div>\n\t\t\t\t<div class=\"elementor-element elementor-element-5ee7534 elementor-widget elementor-widget-text-editor\" data-id=\"5ee7534\" data-element_type=\"widget\" data-widget_type=\"text-editor.default\">\n\t\t\t\t<div class=\"elementor-widget-container\">\n\t\t\t\t\t\t\t\t\t<p><strong>Hor\u00e1rio: 15:30 &#8211; 16:30<\/strong><br \/><strong>Local: CTISM<\/strong><\/p><p>\u00a0 \u00a0 \u00a0 \u00a0 \u00a0 \u00a0 \u00a0 \u00a0 Participe do <strong>Capture the Flag (CTF)<\/strong>, uma competi\u00e7\u00e3o divertida e desafiadora que coloca \u00e0 prova suas habilidades em <strong>redes e seguran\u00e7a da informa\u00e7\u00e3o<\/strong>! No CTF, os participantes resolvem enigmas e exploram sistemas simulados em busca de \u201cbandeiras\u201d escondidas, que representam falhas ou segredos descobertos. \u00c9 uma \u00f3tima oportunidade para aprender na pr\u00e1tica, trabalhar em equipe e testar seus conhecimentos de forma din\u00e2mica e envolvente.<\/p>\t\t\t\t\t\t\t\t<\/div>\n\t\t\t\t<\/div>\n\t\t\t\t\t<\/div>\n\t\t\t\t<\/div>\n\t\t<div class=\"elementor-element elementor-element-8fa4edb e-flex e-con-boxed e-con e-parent\" data-id=\"8fa4edb\" data-element_type=\"container\">\n\t\t\t\t\t<div class=\"e-con-inner\">\n\t\t\t\t<div class=\"elementor-element elementor-element-4e38b2d elementor-widget__width-initial elementor-widget elementor-widget-image\" data-id=\"4e38b2d\" data-element_type=\"widget\" data-widget_type=\"image.default\">\n\t\t\t\t<div class=\"elementor-widget-container\">\n\t\t\t\t\t\t\t\t\t\t\t\t\t\t\t<img fetchpriority=\"high\" decoding=\"async\" width=\"576\" height=\"469\" src=\"https:\/\/sarc.ufsm.br\/2025\/wp-content\/uploads\/2025\/10\/tenor.gif\" class=\"attachment-large size-large wp-image-2056\" alt=\"\" \/>\t\t\t\t\t\t\t\t\t\t\t\t\t\t\t<\/div>\n\t\t\t\t<\/div>\n\t\t\t\t\t<\/div>\n\t\t\t\t<\/div>\n\t\t<div class=\"elementor-element elementor-element-e2d1ff2 e-con-full e-flex e-con e-parent\" data-id=\"e2d1ff2\" data-element_type=\"container\">\n\t\t\t\t<div class=\"elementor-element elementor-element-c5a74d2 elementor-widget__width-initial elementor-widget elementor-widget-image\" data-id=\"c5a74d2\" data-element_type=\"widget\" data-widget_type=\"image.default\">\n\t\t\t\t<div class=\"elementor-widget-container\">\n\t\t\t\t\t\t\t\t\t\t\t\t\t\t\t<img decoding=\"async\" src=\"https:\/\/media1.tenor.com\/m\/o-wNCEq_6f0AAAAd\/pompo-the-cinephile-typing-fast.gif\" title=\"\" alt=\"\" loading=\"lazy\" \/>\t\t\t\t\t\t\t\t\t\t\t\t\t\t\t<\/div>\n\t\t\t\t<\/div>\n\t\t\t\t<\/div>\n\t\t\t\t<\/div>\n\t\t","protected":false},"excerpt":{"rendered":"<p>Participe do primeiro Capture The Flag da SARC! Hor\u00e1rio: 15:30 &#8211; 16:30Local: CTISM \u00a0 \u00a0 \u00a0 \u00a0 \u00a0 \u00a0 \u00a0 \u00a0 Participe do Capture the Flag (CTF), uma competi\u00e7\u00e3o divertida e desafiadora que coloca \u00e0 prova suas habilidades em redes e seguran\u00e7a da informa\u00e7\u00e3o! No CTF, os participantes resolvem enigmas e exploram sistemas simulados em busca de \u201cbandeiras\u201d escondidas, que [&hellip;]<\/p>\n","protected":false},"author":7,"featured_media":0,"parent":0,"menu_order":0,"comment_status":"closed","ping_status":"closed","template":"","meta":{"_eb_attr":"","footnotes":""},"class_list":["post-1455","page","type-page","status-publish","hentry"],"_links":{"self":[{"href":"https:\/\/sarc.ufsm.br\/2025\/wp-json\/wp\/v2\/pages\/1455","targetHints":{"allow":["GET"]}}],"collection":[{"href":"https:\/\/sarc.ufsm.br\/2025\/wp-json\/wp\/v2\/pages"}],"about":[{"href":"https:\/\/sarc.ufsm.br\/2025\/wp-json\/wp\/v2\/types\/page"}],"author":[{"embeddable":true,"href":"https:\/\/sarc.ufsm.br\/2025\/wp-json\/wp\/v2\/users\/7"}],"replies":[{"embeddable":true,"href":"https:\/\/sarc.ufsm.br\/2025\/wp-json\/wp\/v2\/comments?post=1455"}],"version-history":[{"count":49,"href":"https:\/\/sarc.ufsm.br\/2025\/wp-json\/wp\/v2\/pages\/1455\/revisions"}],"predecessor-version":[{"id":2079,"href":"https:\/\/sarc.ufsm.br\/2025\/wp-json\/wp\/v2\/pages\/1455\/revisions\/2079"}],"wp:attachment":[{"href":"https:\/\/sarc.ufsm.br\/2025\/wp-json\/wp\/v2\/media?parent=1455"}],"curies":[{"name":"wp","href":"https:\/\/api.w.org\/{rel}","templated":true}]}}